{"id":1341,"date":"2021-04-06T11:56:48","date_gmt":"2021-04-06T11:56:48","guid":{"rendered":"https:\/\/aeroportandorralaseu.cat\/politica-de-cookies\/"},"modified":"2021-04-07T10:18:06","modified_gmt":"2021-04-07T10:18:06","slug":"politica-de-cookies","status":"publish","type":"page","link":"https:\/\/aeroportandorralaseu.cat\/en\/politica-de-cookies\/","title":{"rendered":"Cookies policy"},"content":{"rendered":"\t\t<div data-elementor-type=\"wp-page\" data-elementor-id=\"1341\" class=\"elementor elementor-1341 elementor-1295\" data-elementor-post-type=\"page\">\n\t\t\t\t\t\t<section class=\"elementor-section elementor-top-section elementor-element elementor-element-4d53d7f0 elementor-section-boxed elementor-section-height-default elementor-section-height-default\" data-id=\"4d53d7f0\" data-element_type=\"section\" data-e-type=\"section\">\n\t\t\t\t\t\t<div class=\"elementor-container elementor-column-gap-default\">\n\t\t\t\t\t<div class=\"elementor-column elementor-col-100 elementor-top-column elementor-element elementor-element-488fe32d\" data-id=\"488fe32d\" data-element_type=\"column\" data-e-type=\"column\">\n\t\t\t<div class=\"elementor-widget-wrap elementor-element-populated\">\n\t\t\t\t\t\t<div class=\"elementor-element elementor-element-604ced91 elementor-widget elementor-widget-text-editor\" data-id=\"604ced91\" data-element_type=\"widget\" data-e-type=\"widget\" data-widget_type=\"text-editor.default\">\n\t\t\t\t<div class=\"elementor-widget-container\">\n\t\t\t\t\t\t\t\t\t<p>Our platform informs the User that, through the cookies we use, we do not collect or collect personal data from our Users. The purpose of cookies is to offer you an excellent browsing experience and to improve our services based on the uses you give to our published content or the access you make to the different sections of our website.<\/p>\n<h3><strong><u>1. General information<\/u><\/strong><\/h3>\n<p><strong>a) What the User needs to know about Cookies<\/strong><\/p>\n<p>Cookies are small files that store information on the mobile devices of users who use our platform.<\/p>\n<p>Cookies are associated with the browser of a particular computer or device. Thanks to these, it is possible for Aeroports de Catalunya to recognize Users&#8217; browsers after they have already browsed the website for the first time. They also serve to determine your browsing preferences and, based on that, evaluate them, and can use them as indicators to improve our platform.<\/p>\n<p><strong>b) The cookies we use on the website<\/strong><\/p>\n<p>The table below includes the details, purpose, type and classes of cookies that we have implemented on our platform. To understand this, it is necessary for the User to know the definition of their own and third-party cookies:<\/p>\n<p><strong>Third party cookies:<\/strong> Are managed by other companies and installed from their computers and \/ or domains on the User\u2019s terminal equipment.<\/p>\n<p><strong><u>Own cookies<\/u><\/strong>: are managed by our entity and installed from our computers on the User\u2019s terminal equipment.<\/p>\n<h3><strong><u>2. COOKIES USED<\/u><\/strong><\/h3>\n<p><strong><u>2.1. Types of cookies we use<\/u><\/strong><\/p>\n<table width=\"590\">\n<tbody>\n<tr>\n<td width=\"179\"><strong>Cookie id.<\/strong><\/td>\n<td width=\"132\"><strong>Purpose<\/strong><\/td>\n<td width=\"101\"><strong>Expiry date<\/strong><\/td>\n<td width=\"93\"><strong>Own or third party<\/strong><\/td>\n<td width=\"84\"><strong>Responsible<\/strong><\/td>\n<\/tr>\n<tr>\n<td width=\"179\">_ga<\/td>\n<td width=\"132\">User Distinction<\/td>\n<td width=\"101\">2 years<\/td>\n<td width=\"93\">third<\/td>\n<td width=\"84\">Google<\/td>\n<\/tr>\n<tr>\n<td width=\"179\">_gat_gtag_UA<\/td>\n<td width=\"132\">Analytics<\/td>\n<td width=\"101\">Session<\/td>\n<td width=\"93\">third<\/td>\n<td width=\"84\">Google<\/td>\n<\/tr>\n<tr>\n<td width=\"179\">_gid<\/td>\n<td width=\"132\">User Distinction<\/td>\n<td width=\"101\">1 day<\/td>\n<td width=\"93\">third<\/td>\n<td width=\"84\">Google<\/td>\n<\/tr>\n<\/tbody>\n<\/table>\n<p><strong><u>2.2. Warning about the use of cookies and other spamming techniques<\/u><\/strong><\/p>\n<p>As a User, you are informed of the presence of cookies on this platform in order to facilitate its use and navigation. However, the User has the possibility of configuring his browser to be notified on screen of the receipt of cookies and to prevent the installation of these on his hard disk.<\/p>\n<p>If the User has any doubts, in point 4 of this document he has more information, but he can also consult the instructions and manuals of his browser to expand this information.<\/p>\n<p>In order to use or browse our website or use the platform, it is not necessary to allow the installation of cookies, without prejudice to the fact that, for this reason, it may be necessary to register each time you access a service. which requires prior registration, if any. It may also happen that the User cannot access some of the services on the website.<\/p>\n<p>Also inform the User that Aeroports de Catalunya does not use &#8220;spamming&#8221; techniques and that it will only process the data transmitted by using the electronic forms of Aeroports de Catalunya, where applicable, e-mails or content provided. through the services of the web platform for the purposes expressed in ours <a href=\"https:\/\/aeroportandorralaseu.cat\/legal-warning\/?lang=en\">Legal warning<\/a> and <a href=\"https:\/\/aeroportandorralaseu.cat\/privacy-policy\/?lang=en\">Privacy Policy<\/a>.<\/p>\n<h3><strong><u>3. ACCEPTANCE OF COOKIES ON OUR PLATFORM<\/u><\/strong><\/h3>\n<p>Law 34\/2002, of 11 July, on the Information Society and Electronic Commerce, in relation to cookies (hereinafter, LSSICE), requires that our Users be informed prior to the browsing experience in the platform on the use, type and purpose of cookies. This is the reason why we have implemented an informative notice that is displayed once the User accesses our platform, informing him in advance and complying with this legal precept.<\/p>\n<p>\u00c9s important que l\u2019Usuari tingui en compte que en aquest av\u00eds trobar\u00e0 dues opcions: la primera, que li permetr\u00e0 accedir a aquest text informatiu i la segona, que podr\u00e0 utilitzar per acceptar la instal\u00b7laci\u00f3 de les cookies al seu equip terminal.<\/p>\n<p>En qualitat de Usuari, si omet la informaci\u00f3 de l\u2019\u00fas de les cookies i continues navegant a la nostra plataforma, entendrem que existeix un consentiment t\u00e0cit de la seva part per poder aplicar i utilitzar les cookies descrites en l\u2019apartat anterior i, amb aix\u00f2, donarem compliment al que exigeix la LSSICE.<\/p>\n<p><strong>&nbsp;<\/strong><\/p>\n<h3><strong><u>4. HOW CAN I UNINSTALL COOKIES FROM YOUR COMPUTER?<\/u><\/strong><\/h3>\n<p>If you wish to uninstall cookies from your computer, here are some links that you can consult depending on the type of browser that you have installed on your terminal computer.<\/p>\n<p><strong><u>In Google Chrome<\/u>:<\/strong><\/p>\n<p>https:\/\/support.google.com\/chrome\/answer\/95647?hl=es<\/p>\n<p><strong><u>In Safari<\/u>:<\/strong><\/p>\n<p>https:\/\/support.apple.com\/kb\/ph5042<\/p>\n<p><strong><u>In Mozilla Firefox<\/u>:<\/strong><\/p>\n<p>https:\/\/support.mozilla.org\/en-US\/kb\/disable-third-party-cookies<\/p>\n<p><strong><u>In Internet Explorer<\/u>:<\/strong><\/p>\n<p>http:\/\/windows.microsoft.com\/en-US\/windows-vista\/block-or-allow-cookies<\/p>\n<p><strong><u>In Opera<\/u>:<\/strong><\/p>\n<p>http:\/\/www.opera.com\/help\/tutorials\/security\/privacy\/<\/p>\n<p>We warn you that after performing the process of uninstalling cookies from your browser, this may make it difficult or prevent you from accessing or browsing certain parts of our website.<\/p>\n<h3><strong><u>5. ABOUT SOCIAL NETWORK COOKIES<\/u><\/strong><\/h3>\n<p>Finally, we want to warn you that our platform does not manage social networks or third-party platforms where we may have a presence, so we are not responsible for the cookies that install these platforms.<\/p>\n<p>As a User of our online platform you are obliged to consult the privacy and cookie policies of social networks to know the types and purposes, and decide whether to accept or reject them.<\/p>\t\t\t\t\t\t\t\t<\/div>\n\t\t\t\t<\/div>\n\t\t\t\t\t<\/div>\n\t\t<\/div>\n\t\t\t\t\t<\/div>\n\t\t<\/section>\n\t\t\t\t<\/div>\n\t\t","protected":false},"excerpt":{"rendered":"<p>Our platform informs the User that, through the cookies we use, we do not collect or collect personal data from our Users. The purpose of cookies is to offer you an excellent browsing experience and to improve our services based on the uses you give to our published content or the access you make to [&hellip;]<\/p>\n","protected":false},"author":5,"featured_media":0,"parent":0,"menu_order":0,"comment_status":"closed","ping_status":"closed","template":"","meta":{"footnotes":""},"class_list":["post-1341","page","type-page","status-publish","hentry"],"aioseo_notices":[],"_links":{"self":[{"href":"https:\/\/aeroportandorralaseu.cat\/en\/wp-json\/wp\/v2\/pages\/1341","targetHints":{"allow":["GET"]}}],"collection":[{"href":"https:\/\/aeroportandorralaseu.cat\/en\/wp-json\/wp\/v2\/pages"}],"about":[{"href":"https:\/\/aeroportandorralaseu.cat\/en\/wp-json\/wp\/v2\/types\/page"}],"author":[{"embeddable":true,"href":"https:\/\/aeroportandorralaseu.cat\/en\/wp-json\/wp\/v2\/users\/5"}],"replies":[{"embeddable":true,"href":"https:\/\/aeroportandorralaseu.cat\/en\/wp-json\/wp\/v2\/comments?post=1341"}],"version-history":[{"count":5,"href":"https:\/\/aeroportandorralaseu.cat\/en\/wp-json\/wp\/v2\/pages\/1341\/revisions"}],"predecessor-version":[{"id":1378,"href":"https:\/\/aeroportandorralaseu.cat\/en\/wp-json\/wp\/v2\/pages\/1341\/revisions\/1378"}],"wp:attachment":[{"href":"https:\/\/aeroportandorralaseu.cat\/en\/wp-json\/wp\/v2\/media?parent=1341"}],"curies":[{"name":"wp","href":"https:\/\/api.w.org\/{rel}","templated":true}]}}