{"id":1342,"date":"2021-04-06T11:56:48","date_gmt":"2021-04-06T11:56:48","guid":{"rendered":"https:\/\/aeroportandorralaseu.cat\/politica-de-cookies\/"},"modified":"2021-04-07T10:19:22","modified_gmt":"2021-04-07T10:19:22","slug":"politica-de-cookies","status":"publish","type":"page","link":"https:\/\/aeroportandorralaseu.cat\/es\/politica-de-cookies\/","title":{"rendered":"Pol\u00edtica de cookies"},"content":{"rendered":"\t\t<div data-elementor-type=\"wp-page\" data-elementor-id=\"1342\" class=\"elementor elementor-1342 elementor-1295\" data-elementor-post-type=\"page\">\n\t\t\t\t\t\t<section class=\"elementor-section elementor-top-section elementor-element elementor-element-4d53d7f0 elementor-section-boxed elementor-section-height-default elementor-section-height-default\" data-id=\"4d53d7f0\" data-element_type=\"section\" data-e-type=\"section\">\n\t\t\t\t\t\t<div class=\"elementor-container elementor-column-gap-default\">\n\t\t\t\t\t<div class=\"elementor-column elementor-col-100 elementor-top-column elementor-element elementor-element-488fe32d\" data-id=\"488fe32d\" data-element_type=\"column\" data-e-type=\"column\">\n\t\t\t<div class=\"elementor-widget-wrap elementor-element-populated\">\n\t\t\t\t\t\t<div class=\"elementor-element elementor-element-604ced91 elementor-widget elementor-widget-text-editor\" data-id=\"604ced91\" data-element_type=\"widget\" data-e-type=\"widget\" data-widget_type=\"text-editor.default\">\n\t\t\t\t<div class=\"elementor-widget-container\">\n\t\t\t\t\t\t\t\t\t<p>Nuestra plataforma informa el Usuario que, a trav\u00e9s de las cookies que utilizamos no recogemos ni recaudamos datos personales de nuestros Usuarios. La finalidad de las cookies es ofrecerle una excelente experiencia de navegaci\u00f3n y mejorar nuestros servicios en funci\u00f3n de los usos que le d\u00e9 a nuestros contenidos publicados o en los accesos que haga en los diferentes apartados de nuestra p\u00e1gina web.<\/p>\n<h3><strong><u>1. Informaci\u00f3n General<\/u><\/strong><\/h3>\n<p><strong>a) El que el Usuario tiene que saber sobras las Cookies<\/strong><\/p>\n<p>Las cookies (galletas) son peque\u00f1os archivos que almacenan informaci\u00f3n en los dispositivos m\u00f3viles de los Usuarios que utilizan nuestra plataforma.<\/p>\n<p>Las cookies se asocian con el navegador de un ordenador o dispositivo determinado. Gracias a estas, resulta posible que Aeropuertos de Catalu\u00f1a reconozca los navegadores de los Usuarios despu\u00e9s de que estos ya hayan navegado por el sitio web por primera vez. Tambi\u00e9n sirven para determinar sus preferencias de navegaci\u00f3n y, a partir de esto, eval\u00faalas, pudiendo utilizarlas como indicadores para mejorar nuestra plataforma.<\/p>\n<p><strong>b) Las cookies que utilizamos en el web<br><\/strong><\/p>\n<div class=\"traductor-textarea form-group\">\n<div class=\"textarea-desti col-xs-12 col-sm-6\">\n<div class=\"form-control second-textarea\">En el cuadro que aparece a continuaci\u00f3n se incluyen los detalles, finalidad, el tipo y las clases de cookies que hemos implementado a nuestra plataforma. Para su comprensi\u00f3n, se necesario que el Usuario conozca la definici\u00f3n de las cookies propias y de terceros:<\/div>\n<\/div>\n<\/div>\n<p><strong>Cookies de terceros:<\/strong> son gestionadas por otras empresas e instaladas desde sus equipos y\/o dominios al equipo terminal del Usuario.<\/p>\n<p><strong><u>Cookies propias<\/u><\/strong>: son gestionadas por nuestra entidad e instaladas desde nuestros ordenadores al equipo terminal del Usuario.<\/p>\n<h3><strong><u>2. COOKIES UTILIZADAS<\/u><\/strong><\/h3>\n<p><strong><u>2.1.&nbsp;<\/u><\/strong><strong><u>Tipos de cookies que utilitzamos<\/u><\/strong><\/p>\n<table width=\"590\">\n<tbody>\n<tr>\n<td width=\"179\"><strong>Cookie id.<\/strong><\/td>\n<td width=\"132\"><strong>Finalidad<\/strong><\/td>\n<td width=\"101\"><strong>Fecha de caducidad<\/strong><\/td>\n<td width=\"93\"><strong>Propia o de terceros<\/strong><\/td>\n<td width=\"84\"><strong>Responsable<\/strong><\/td>\n<\/tr>\n<tr>\n<td width=\"179\">_ga<\/td>\n<td width=\"132\">\n<div class=\"traductor-textarea form-group\">\n<div class=\"textarea-desti col-xs-12 col-sm-6\">\n<div class=\"form-control second-textarea\">Distinci\u00f3n de Usuarios<\/div>\n<\/div>\n<\/div>\n<\/td>\n<td width=\"101\">2 a\u00f1os<\/td>\n<td width=\"93\">Terceros<\/td>\n<td width=\"84\">Google<\/td>\n<\/tr>\n<tr>\n<td width=\"179\">_gat_gtag_UA<\/td>\n<td width=\"132\">Anal\u00edtica<\/td>\n<td width=\"101\">Sesi\u00f3n<\/td>\n<td width=\"93\">Terceros<\/td>\n<td width=\"84\">Google<\/td>\n<\/tr>\n<tr>\n<td width=\"179\">_gid<\/td>\n<td width=\"132\">Distinci\u00f3n de Usuarios<\/td>\n<td width=\"101\">\n<div class=\"traductor-textarea form-group\">\n<div class=\"textarea-desti col-xs-12 col-sm-6\">\n<div class=\"form-control second-textarea\">1 d\u00eda<\/div>\n<\/div>\n<\/div>\n<\/td>\n<td width=\"93\">Terceros<\/td>\n<td width=\"84\">Google<\/td>\n<\/tr>\n<\/tbody>\n<\/table>\n<p><strong><u>2.2. Advertencia sobre el uso de cookies y otras t\u00e9cnicas de spamming<br><\/u><\/strong><\/p>\n<p>Como Usuario queda informado de la presencia de cookies en esta plataforma con el fin de facilitar el uso y navegaci\u00f3n por la misma. Ahora bien, el Usuario tiene la posibilidad de configurar su navegador para ser avisado en pantalla de la recepci\u00f3n de cookies y para impedir la instalaci\u00f3n de estas a su disco llevar.<\/p>\n<div class=\"traductor-textarea form-group\">\n<div class=\"textarea-desti col-xs-12 col-sm-6\">\n<div class=\"form-control second-textarea\">Si el Usuario tiene dudas, en el punto 4 de este documento tiene m\u00e1s informaci\u00f3n, pero tambi\u00e9n puede consultar las instrucciones y manuales de su navegador para ampliar esta informaci\u00f3n.<\/div>\n<\/div>\n<\/div>\n<div class=\"traductor-textarea form-group\">\n<div class=\"textarea-desti col-xs-12 col-sm-6\">\n<div class=\"form-control second-textarea\">Para utilizar o navegar por nuestra p\u00e1gina web o utilizar la plataforma no resulta necesario que permita la instalaci\u00f3n de cookies, sin perjuicio que pueda suceder que, por eso, sea necesario que se tenga que registrar cada vez que acceda a un servicio que requiera previo registro, si procede. Tambi\u00e9n puede suceder que el Usuario no pueda acceder a algunos de los servicios de la p\u00e1gina web.<\/div>\n<\/div>\n<\/div>\n<p>Informar el Usuario tambi\u00e9n que Aeropuertos de Catalu\u00f1a no utiliza t\u00e9cnicas de \u201dspamming\u201d&nbsp;y que \u00fanicamente tratar\u00e1 los datos que transmita mediante el uso de los formularios electr\u00f3nicos de Aeropuertos de Catalu\u00f1a, en su caso, mensajes de correo electr\u00f3nico o contenidos facilitados a trav\u00e9s de los servicios de la plataforma web para las finalidades expresadas en nuestro&nbsp;<a href=\"https:\/\/aeroportandorralaseu.cat\/aviso-legal\/?lang=es\">Aviso Legal<\/a>&nbsp;y&nbsp;<a href=\"https:\/\/aeroportandorralaseu.cat\/politica-de-privacidad\/?lang=es\">Pol\u00edtica de Privacidad<\/a>.<\/p>\n<h3><strong><u>3. LA ACEPTACI\u00d3N DE LAS COOKIES A NUESTRA PLATAFORMA<br><\/u><\/strong><\/h3>\n<div class=\"traductor-textarea form-group\">\n<div class=\"textarea-desti col-xs-12 col-sm-6\">\n<div class=\"form-control second-textarea\">La Ley 34\/2002, de 11 de julio, de Sociedad de la Informaci\u00f3n y Comercio Electr\u00f3nico, en relaci\u00f3n con las cookies (#en lo sucesivo, LSSICE), exige que nuestros Usuarios sean informados con car\u00e1cter previo a la experiencia de navegaci\u00f3n a la plataforma sobre el uso, tipo y finalidad de las cookies. Esta se la raz\u00f3n por la qu\u00e9 hemos implementado un aviso informativo que se despliega una vez el Usuario accede a nuestra plataforma, inform\u00e1ndole de manera previa y cumpliendo con este precepto legal.<\/div>\n<\/div>\n<\/div>\n<div class=\"traductor-textarea form-group\">\n<div class=\"textarea-desti col-xs-12 col-sm-6\">\n<div class=\"form-control second-textarea\">Es importante que el Usuario tenga en cuenta que en este aviso encontrar\u00e1 dos opciones: la primera, que le permitir\u00e1 acceder a este texto informativo y la segunda, que podr\u00e1 utilizar para aceptar la instalaci\u00f3n de las cookies a su equipo terminal.<\/div>\n<\/div>\n<\/div>\n<div class=\"traductor-textarea form-group\">\n<div class=\"textarea-desti col-xs-12 col-sm-6\">\n<div class=\"form-control second-textarea\">En calidad de Usuario, si omite la informaci\u00f3n del uso de las cookies y contin\u00faas navegando a nuestra plataforma, entenderemos que existe un consentimiento t\u00e1cito de su parte para poder aplicar y utilizar las cookies descritas en el apartado anterior y, con esto, daremos cumplimiento al que exige la LSSICE.<\/div>\n<\/div>\n<\/div>\n<h3><strong><u>4. COMO PUEDES DESINSTALAR LAS COOKIES DESDE SU ORDENADOR?<br><\/u><\/strong><\/h3>\n<p>Si desea desinstalar las cookies desde su ordenador, lo indicamos algunos links que podr\u00e1 consultar en funci\u00f3n del tipo de navegador que tenga instalado a su equipo terminal.<\/p>\n<p><strong><u>En Google Chrome<\/u>:<\/strong><\/p>\n<p>https:\/\/support.google.com\/chrome\/answer\/95647?hl=es<\/p>\n<p><strong><u>En Safari<\/u>:<\/strong><\/p>\n<p>https:\/\/support.apple.com\/kb\/ph5042<\/p>\n<p><strong><u>En Mozilla Firefox<\/u>:<\/strong><\/p>\n<p>https:\/\/support.mozilla.org\/en-US\/kb\/disable-third-party-cookies<\/p>\n<p><strong><u>En Internet Explorer<\/u>:<\/strong><\/p>\n<p>http:\/\/windows.microsoft.com\/en-US\/windows-vista\/block-or-allow-cookies<\/p>\n<p><strong><u>En Opera<\/u>:<\/strong><\/p>\n<p>http:\/\/www.opera.com\/help\/tutorials\/security\/privacy\/<\/p>\n<p>Le advertimos que, despu\u00e9s de realizar el proceso de desinstalaci\u00f3n de cookies desde su navegador, esto puede dificultarle o impedirle el acceso o navegaci\u00f3n a determinadas partes de nuestra p\u00e1gina web.<\/p>\n<h3><strong><u>5. SOBRE LAS COOKIES DE REDES SOCIALES<br><\/u><\/strong><\/h3>\n<p>Finalmente, le queremos advertir de que nuestra plataforma no administra las redes sociales o plataformas de terceros donde podamos tener presencia, por lo cual tampoco somos responsables de las cookies que instalan estas plataformas.<\/p>\n<div class=\"traductor-textarea form-group\">\n<div class=\"textarea-desti col-xs-12 col-sm-6\">\n<div class=\"form-control second-textarea\">En calidad de Usuario de nuestra plataforma en l\u00ednea est\u00e1 obligado a consultar las pol\u00edticas de privacidad y de cookies de las redes sociales para conocer los tipos y las finalidades, y decidir si aceptarlas o rechazarlas.<\/div>\n<\/div>\n<\/div>\t\t\t\t\t\t\t\t<\/div>\n\t\t\t\t<\/div>\n\t\t\t\t\t<\/div>\n\t\t<\/div>\n\t\t\t\t\t<\/div>\n\t\t<\/section>\n\t\t\t\t<\/div>\n\t\t","protected":false},"excerpt":{"rendered":"<p>Nuestra plataforma informa el Usuario que, a trav\u00e9s de las cookies que utilizamos no recogemos ni recaudamos datos personales de nuestros Usuarios. La finalidad de las cookies es ofrecerle una excelente experiencia de navegaci\u00f3n y mejorar nuestros servicios en funci\u00f3n de los usos que le d\u00e9 a nuestros contenidos publicados o en los accesos que [&hellip;]<\/p>\n","protected":false},"author":5,"featured_media":0,"parent":0,"menu_order":0,"comment_status":"closed","ping_status":"closed","template":"","meta":{"footnotes":""},"class_list":["post-1342","page","type-page","status-publish","hentry"],"aioseo_notices":[],"_links":{"self":[{"href":"https:\/\/aeroportandorralaseu.cat\/es\/wp-json\/wp\/v2\/pages\/1342","targetHints":{"allow":["GET"]}}],"collection":[{"href":"https:\/\/aeroportandorralaseu.cat\/es\/wp-json\/wp\/v2\/pages"}],"about":[{"href":"https:\/\/aeroportandorralaseu.cat\/es\/wp-json\/wp\/v2\/types\/page"}],"author":[{"embeddable":true,"href":"https:\/\/aeroportandorralaseu.cat\/es\/wp-json\/wp\/v2\/users\/5"}],"replies":[{"embeddable":true,"href":"https:\/\/aeroportandorralaseu.cat\/es\/wp-json\/wp\/v2\/comments?post=1342"}],"version-history":[{"count":5,"href":"https:\/\/aeroportandorralaseu.cat\/es\/wp-json\/wp\/v2\/pages\/1342\/revisions"}],"predecessor-version":[{"id":1381,"href":"https:\/\/aeroportandorralaseu.cat\/es\/wp-json\/wp\/v2\/pages\/1342\/revisions\/1381"}],"wp:attachment":[{"href":"https:\/\/aeroportandorralaseu.cat\/es\/wp-json\/wp\/v2\/media?parent=1342"}],"curies":[{"name":"wp","href":"https:\/\/api.w.org\/{rel}","templated":true}]}}