{"id":700,"date":"2021-03-09T07:59:07","date_gmt":"2021-03-09T07:59:07","guid":{"rendered":"https:\/\/aeroportandorralaseu.cat\/serveis\/"},"modified":"2025-11-10T14:12:48","modified_gmt":"2025-11-10T14:12:48","slug":"servicios","status":"publish","type":"page","link":"https:\/\/aeroportandorralaseu.cat\/es\/servicios\/","title":{"rendered":"Servicios"},"content":{"rendered":"\t\t<div data-elementor-type=\"wp-page\" data-elementor-id=\"700\" class=\"elementor elementor-700 elementor-71\" data-elementor-post-type=\"page\">\n\t\t\t\t\t\t<section class=\"elementor-section elementor-top-section elementor-element elementor-element-78c606d elementor-section-boxed elementor-section-height-default elementor-section-height-default\" data-id=\"78c606d\" data-element_type=\"section\" data-e-type=\"section\" data-settings=\"{&quot;background_background&quot;:&quot;slideshow&quot;,&quot;background_slideshow_gallery&quot;:[{&quot;id&quot;:103,&quot;url&quot;:&quot;https:\\\/\\\/aeroportandorralaseu.cat\\\/wp-content\\\/uploads\\\/2021\\\/03\\\/Aeroport-Andorra-La-Seu-7.jpg&quot;},{&quot;id&quot;:98,&quot;url&quot;:&quot;https:\\\/\\\/aeroportandorralaseu.cat\\\/wp-content\\\/uploads\\\/2021\\\/03\\\/Aeroport-Andorra-La-Seu-2.jpg&quot;},{&quot;id&quot;:127,&quot;url&quot;:&quot;https:\\\/\\\/aeroportandorralaseu.cat\\\/wp-content\\\/uploads\\\/2021\\\/03\\\/Aeroport-Andorra-La-Seu-31.jpg&quot;},{&quot;id&quot;:142,&quot;url&quot;:&quot;https:\\\/\\\/aeroportandorralaseu.cat\\\/wp-content\\\/uploads\\\/2021\\\/03\\\/Aeroport-Andorra-La-Seu-46.jpg&quot;},{&quot;id&quot;:193,&quot;url&quot;:&quot;https:\\\/\\\/aeroportandorralaseu.cat\\\/wp-content\\\/uploads\\\/2021\\\/03\\\/Aeroport-Andorra-La-Seu-96.jpg&quot;}],&quot;background_slideshow_loop&quot;:&quot;yes&quot;,&quot;background_slideshow_slide_duration&quot;:5000,&quot;background_slideshow_slide_transition&quot;:&quot;fade&quot;,&quot;background_slideshow_transition_duration&quot;:500}\">\n\t\t\t\t\t\t\t<div class=\"elementor-background-overlay\"><\/div>\n\t\t\t\t\t\t\t<div class=\"elementor-container elementor-column-gap-default\">\n\t\t\t\t\t<div class=\"elementor-column elementor-col-100 elementor-top-column elementor-element elementor-element-13b6d4b\" data-id=\"13b6d4b\" data-element_type=\"column\" data-e-type=\"column\">\n\t\t\t<div class=\"elementor-widget-wrap elementor-element-populated\">\n\t\t\t\t\t\t<div class=\"elementor-element elementor-element-c274bf5 elementor-widget elementor-widget-heading\" data-id=\"c274bf5\" data-element_type=\"widget\" data-e-type=\"widget\" data-widget_type=\"heading.default\">\n\t\t\t\t<div class=\"elementor-widget-container\">\n\t\t\t\t\t<h2 class=\"elementor-heading-title elementor-size-default\">Servicios<\/h2>\t\t\t\t<\/div>\n\t\t\t\t<\/div>\n\t\t\t\t\t<\/div>\n\t\t<\/div>\n\t\t\t\t\t<\/div>\n\t\t<\/section>\n\t\t\t\t<section class=\"elementor-section elementor-top-section elementor-element elementor-element-7df476a elementor-section-boxed elementor-section-height-default elementor-section-height-default\" data-id=\"7df476a\" data-element_type=\"section\" data-e-type=\"section\">\n\t\t\t\t\t\t<div class=\"elementor-container elementor-column-gap-default\">\n\t\t\t\t\t<div class=\"elementor-column elementor-col-100 elementor-top-column elementor-element elementor-element-70463ce\" data-id=\"70463ce\" data-element_type=\"column\" data-e-type=\"column\">\n\t\t\t<div class=\"elementor-widget-wrap elementor-element-populated\">\n\t\t\t\t\t\t<div class=\"elementor-element elementor-element-623912b elementor-arrows-position-outside elementor-pagination-position-outside elementor-widget elementor-widget-image-carousel\" data-id=\"623912b\" data-element_type=\"widget\" data-e-type=\"widget\" data-settings=\"{&quot;slides_to_show&quot;:&quot;4&quot;,&quot;slides_to_scroll&quot;:&quot;1&quot;,&quot;navigation&quot;:&quot;both&quot;,&quot;autoplay&quot;:&quot;yes&quot;,&quot;pause_on_hover&quot;:&quot;yes&quot;,&quot;pause_on_interaction&quot;:&quot;yes&quot;,&quot;autoplay_speed&quot;:5000,&quot;infinite&quot;:&quot;yes&quot;,&quot;speed&quot;:500}\" data-widget_type=\"image-carousel.default\">\n\t\t\t\t<div class=\"elementor-widget-container\">\n\t\t\t\t\t\t\t<div class=\"elementor-image-carousel-wrapper swiper\" role=\"region\" aria-roledescription=\"carousel\" aria-label=\"Carrusel d&#039;imatges\" dir=\"ltr\">\n\t\t\t<div class=\"elementor-image-carousel swiper-wrapper\" aria-live=\"off\">\n\t\t\t\t\t\t\t\t<div class=\"swiper-slide\" role=\"group\" aria-roledescription=\"slide\" aria-label=\"1 de 9\"><a data-elementor-open-lightbox=\"yes\" data-elementor-lightbox-slideshow=\"623912b\" data-elementor-lightbox-title=\"aeroport5\" data-e-action-hash=\"#elementor-action%3Aaction%3Dlightbox%26settings%3DeyJpZCI6MTIyOCwidXJsIjoiaHR0cHM6XC9cL2Flcm9wb3J0YW5kb3JyYWxhc2V1LmNhdFwvd3AtY29udGVudFwvdXBsb2Fkc1wvMjAyMVwvMDNcL2Flcm9wb3J0NS5qcGciLCJzbGlkZXNob3ciOiI2MjM5MTJiIn0%3D\" href=\"https:\/\/aeroportandorralaseu.cat\/wp-content\/uploads\/2021\/03\/aeroport5.jpg\"><figure class=\"swiper-slide-inner\"><img decoding=\"async\" class=\"swiper-slide-image\" src=\"https:\/\/aeroportandorralaseu.cat\/wp-content\/uploads\/elementor\/thumbs\/aeroport5-ra3kcb7syq8wqa53b8w08nxuf68e3ljtabd0jwxmx0.jpg\" alt=\"aeroport5\" \/><\/figure><\/a><\/div><div class=\"swiper-slide\" role=\"group\" aria-roledescription=\"slide\" aria-label=\"2 de 9\"><a data-elementor-open-lightbox=\"yes\" data-elementor-lightbox-slideshow=\"623912b\" data-elementor-lightbox-title=\"Aeroport Andorra La Seu (71)\" data-e-action-hash=\"#elementor-action%3Aaction%3Dlightbox%26settings%3DeyJpZCI6MTcxMiwidXJsIjoiaHR0cHM6XC9cL2Flcm9wb3J0YW5kb3JyYWxhc2V1LmNhdFwvd3AtY29udGVudFwvdXBsb2Fkc1wvMjAyMVwvMDRcL0Flcm9wb3J0LUFuZG9ycmEtTGEtU2V1LTcxLmpwZyIsInNsaWRlc2hvdyI6IjYyMzkxMmIifQ%3D%3D\" href=\"https:\/\/aeroportandorralaseu.cat\/wp-content\/uploads\/2021\/04\/Aeroport-Andorra-La-Seu-71.jpg\"><figure class=\"swiper-slide-inner\"><img decoding=\"async\" class=\"swiper-slide-image\" src=\"https:\/\/aeroportandorralaseu.cat\/wp-content\/uploads\/elementor\/thumbs\/Aeroport-Andorra-La-Seu-71-ra3kcb7syq8wqa53b8w08nxuf68e3ljtabd0jwxmx0.jpg\" alt=\"Aeroport Andorra La Seu (71)\" \/><\/figure><\/a><\/div><div class=\"swiper-slide\" role=\"group\" aria-roledescription=\"slide\" aria-label=\"3 de 9\"><a data-elementor-open-lightbox=\"yes\" data-elementor-lightbox-slideshow=\"623912b\" data-elementor-lightbox-title=\"Aeroport Andorra La Seu (55)\" data-e-action-hash=\"#elementor-action%3Aaction%3Dlightbox%26settings%3DeyJpZCI6MTcwNiwidXJsIjoiaHR0cHM6XC9cL2Flcm9wb3J0YW5kb3JyYWxhc2V1LmNhdFwvd3AtY29udGVudFwvdXBsb2Fkc1wvMjAyMVwvMDRcL0Flcm9wb3J0LUFuZG9ycmEtTGEtU2V1LTU1LmpwZyIsInNsaWRlc2hvdyI6IjYyMzkxMmIifQ%3D%3D\" href=\"https:\/\/aeroportandorralaseu.cat\/wp-content\/uploads\/2021\/04\/Aeroport-Andorra-La-Seu-55.jpg\"><figure class=\"swiper-slide-inner\"><img decoding=\"async\" class=\"swiper-slide-image\" src=\"https:\/\/aeroportandorralaseu.cat\/wp-content\/uploads\/elementor\/thumbs\/Aeroport-Andorra-La-Seu-55-ra3kcb7syq8wqa53b8w08nxuf68e3ljtabd0jwxmx0.jpg\" alt=\"Aeroport Andorra La Seu (55)\" \/><\/figure><\/a><\/div><div class=\"swiper-slide\" role=\"group\" aria-roledescription=\"slide\" aria-label=\"4 de 9\"><a data-elementor-open-lightbox=\"yes\" data-elementor-lightbox-slideshow=\"623912b\" data-elementor-lightbox-title=\"Aeroport Andorra La Seu (14)\" data-e-action-hash=\"#elementor-action%3Aaction%3Dlightbox%26settings%3DeyJpZCI6MTY5NywidXJsIjoiaHR0cHM6XC9cL2Flcm9wb3J0YW5kb3JyYWxhc2V1LmNhdFwvd3AtY29udGVudFwvdXBsb2Fkc1wvMjAyMVwvMDRcL0Flcm9wb3J0LUFuZG9ycmEtTGEtU2V1LTE0LmpwZyIsInNsaWRlc2hvdyI6IjYyMzkxMmIifQ%3D%3D\" href=\"https:\/\/aeroportandorralaseu.cat\/wp-content\/uploads\/2021\/04\/Aeroport-Andorra-La-Seu-14.jpg\"><figure class=\"swiper-slide-inner\"><img decoding=\"async\" class=\"swiper-slide-image\" src=\"https:\/\/aeroportandorralaseu.cat\/wp-content\/uploads\/elementor\/thumbs\/Aeroport-Andorra-La-Seu-14-ra3kcb7syq8wqa53b8w08nxuf68e3ljtabd0jwxmx0.jpg\" alt=\"Aeroport Andorra La Seu (14)\" \/><\/figure><\/a><\/div><div class=\"swiper-slide\" role=\"group\" aria-roledescription=\"slide\" aria-label=\"5 de 9\"><a data-elementor-open-lightbox=\"yes\" data-elementor-lightbox-slideshow=\"623912b\" data-elementor-lightbox-title=\"aeroport2\" data-e-action-hash=\"#elementor-action%3Aaction%3Dlightbox%26settings%3DeyJpZCI6MTIxOSwidXJsIjoiaHR0cHM6XC9cL2Flcm9wb3J0YW5kb3JyYWxhc2V1LmNhdFwvd3AtY29udGVudFwvdXBsb2Fkc1wvMjAyMVwvMDNcL2Flcm9wb3J0Mi5qcGciLCJzbGlkZXNob3ciOiI2MjM5MTJiIn0%3D\" href=\"https:\/\/aeroportandorralaseu.cat\/wp-content\/uploads\/2021\/03\/aeroport2.jpg\"><figure class=\"swiper-slide-inner\"><img decoding=\"async\" class=\"swiper-slide-image\" src=\"https:\/\/aeroportandorralaseu.cat\/wp-content\/uploads\/elementor\/thumbs\/aeroport2-ra3kcb7syq8wqa53b8w08nxuf68e3ljtabd0jwxmx0.jpg\" alt=\"aeroport2\" \/><\/figure><\/a><\/div><div class=\"swiper-slide\" role=\"group\" aria-roledescription=\"slide\" aria-label=\"6 de 9\"><a data-elementor-open-lightbox=\"yes\" data-elementor-lightbox-slideshow=\"623912b\" data-elementor-lightbox-title=\"Aeroport Andorra La Seu (24)\" data-e-action-hash=\"#elementor-action%3Aaction%3Dlightbox%26settings%3DeyJpZCI6MTcwMCwidXJsIjoiaHR0cHM6XC9cL2Flcm9wb3J0YW5kb3JyYWxhc2V1LmNhdFwvd3AtY29udGVudFwvdXBsb2Fkc1wvMjAyMVwvMDRcL0Flcm9wb3J0LUFuZG9ycmEtTGEtU2V1LTI0LmpwZyIsInNsaWRlc2hvdyI6IjYyMzkxMmIifQ%3D%3D\" href=\"https:\/\/aeroportandorralaseu.cat\/wp-content\/uploads\/2021\/04\/Aeroport-Andorra-La-Seu-24.jpg\"><figure class=\"swiper-slide-inner\"><img decoding=\"async\" class=\"swiper-slide-image\" src=\"https:\/\/aeroportandorralaseu.cat\/wp-content\/uploads\/elementor\/thumbs\/Aeroport-Andorra-La-Seu-24-ra3kcb7syq8wqa53b8w08nxuf68e3ljtabd0jwxmx0.jpg\" alt=\"Aeroport Andorra La Seu (24)\" \/><\/figure><\/a><\/div><div class=\"swiper-slide\" role=\"group\" aria-roledescription=\"slide\" aria-label=\"7 de 9\"><a data-elementor-open-lightbox=\"yes\" data-elementor-lightbox-slideshow=\"623912b\" data-elementor-lightbox-title=\"Aeroport Andorra La Seu (49)\" data-e-action-hash=\"#elementor-action%3Aaction%3Dlightbox%26settings%3DeyJpZCI6MTcwMywidXJsIjoiaHR0cHM6XC9cL2Flcm9wb3J0YW5kb3JyYWxhc2V1LmNhdFwvd3AtY29udGVudFwvdXBsb2Fkc1wvMjAyMVwvMDRcL0Flcm9wb3J0LUFuZG9ycmEtTGEtU2V1LTQ5LmpwZyIsInNsaWRlc2hvdyI6IjYyMzkxMmIifQ%3D%3D\" href=\"https:\/\/aeroportandorralaseu.cat\/wp-content\/uploads\/2021\/04\/Aeroport-Andorra-La-Seu-49.jpg\"><figure class=\"swiper-slide-inner\"><img decoding=\"async\" class=\"swiper-slide-image\" src=\"https:\/\/aeroportandorralaseu.cat\/wp-content\/uploads\/elementor\/thumbs\/Aeroport-Andorra-La-Seu-49-ra3kcb7syq8wqa53b8w08nxuf68e3ljtabd0jwxmx0.jpg\" alt=\"Aeroport Andorra La Seu (49)\" \/><\/figure><\/a><\/div><div class=\"swiper-slide\" role=\"group\" aria-roledescription=\"slide\" aria-label=\"8 de 9\"><a data-elementor-open-lightbox=\"yes\" data-elementor-lightbox-slideshow=\"623912b\" data-elementor-lightbox-title=\"Aeroport Andorra La Seu (67)\" data-e-action-hash=\"#elementor-action%3Aaction%3Dlightbox%26settings%3DeyJpZCI6MTcwOSwidXJsIjoiaHR0cHM6XC9cL2Flcm9wb3J0YW5kb3JyYWxhc2V1LmNhdFwvd3AtY29udGVudFwvdXBsb2Fkc1wvMjAyMVwvMDRcL0Flcm9wb3J0LUFuZG9ycmEtTGEtU2V1LTY3LmpwZyIsInNsaWRlc2hvdyI6IjYyMzkxMmIifQ%3D%3D\" href=\"https:\/\/aeroportandorralaseu.cat\/wp-content\/uploads\/2021\/04\/Aeroport-Andorra-La-Seu-67.jpg\"><figure class=\"swiper-slide-inner\"><img decoding=\"async\" class=\"swiper-slide-image\" src=\"https:\/\/aeroportandorralaseu.cat\/wp-content\/uploads\/elementor\/thumbs\/Aeroport-Andorra-La-Seu-67-ra3kcb7syq8wqa53b8w08nxuf68e3ljtabd0jwxmx0.jpg\" alt=\"Aeroport Andorra La Seu (67)\" \/><\/figure><\/a><\/div><div class=\"swiper-slide\" role=\"group\" aria-roledescription=\"slide\" aria-label=\"9 de 9\"><a data-elementor-open-lightbox=\"yes\" data-elementor-lightbox-slideshow=\"623912b\" data-elementor-lightbox-title=\"Aeroport Andorra La Seu (85)\" data-e-action-hash=\"#elementor-action%3Aaction%3Dlightbox%26settings%3DeyJpZCI6MTcxNSwidXJsIjoiaHR0cHM6XC9cL2Flcm9wb3J0YW5kb3JyYWxhc2V1LmNhdFwvd3AtY29udGVudFwvdXBsb2Fkc1wvMjAyMVwvMDRcL0Flcm9wb3J0LUFuZG9ycmEtTGEtU2V1LTg1LmpwZyIsInNsaWRlc2hvdyI6IjYyMzkxMmIifQ%3D%3D\" href=\"https:\/\/aeroportandorralaseu.cat\/wp-content\/uploads\/2021\/04\/Aeroport-Andorra-La-Seu-85.jpg\"><figure class=\"swiper-slide-inner\"><img decoding=\"async\" class=\"swiper-slide-image\" src=\"https:\/\/aeroportandorralaseu.cat\/wp-content\/uploads\/elementor\/thumbs\/Aeroport-Andorra-La-Seu-85-ra3kcb7syq8wqa53b8w08nxuf68e3ljtabd0jwxmx0.jpg\" alt=\"Aeroport Andorra La Seu (85)\" \/><\/figure><\/a><\/div>\t\t\t<\/div>\n\t\t\t\t\t\t\t\t\t\t\t\t<div class=\"elementor-swiper-button elementor-swiper-button-prev\" role=\"button\" tabindex=\"0\">\n\t\t\t\t\t\t<i aria-hidden=\"true\" class=\"eicon-chevron-left\"><\/i>\t\t\t\t\t<\/div>\n\t\t\t\t\t<div class=\"elementor-swiper-button elementor-swiper-button-next\" role=\"button\" tabindex=\"0\">\n\t\t\t\t\t\t<i aria-hidden=\"true\" class=\"eicon-chevron-right\"><\/i>\t\t\t\t\t<\/div>\n\t\t\t\t\n\t\t\t\t\t\t\t\t\t<div class=\"swiper-pagination\"><\/div>\n\t\t\t\t\t\t\t\t\t<\/div>\n\t\t\t\t\t\t<\/div>\n\t\t\t\t<\/div>\n\t\t\t\t\t<\/div>\n\t\t<\/div>\n\t\t\t\t\t<\/div>\n\t\t<\/section>\n\t\t\t\t<section class=\"elementor-section elementor-top-section elementor-element elementor-element-3ab77cf elementor-section-boxed elementor-section-height-default elementor-section-height-default\" data-id=\"3ab77cf\" data-element_type=\"section\" data-e-type=\"section\">\n\t\t\t\t\t\t<div class=\"elementor-container elementor-column-gap-default\">\n\t\t\t\t\t<div class=\"elementor-column elementor-col-50 elementor-top-column elementor-element elementor-element-5d4d278\" data-id=\"5d4d278\" data-element_type=\"column\" data-e-type=\"column\">\n\t\t\t<div class=\"elementor-widget-wrap elementor-element-populated\">\n\t\t\t\t\t\t<div class=\"elementor-element elementor-element-ee2d38e elementor-icon-list--layout-traditional elementor-list-item-link-full_width elementor-widget elementor-widget-icon-list\" data-id=\"ee2d38e\" data-element_type=\"widget\" data-e-type=\"widget\" data-widget_type=\"icon-list.default\">\n\t\t\t\t<div class=\"elementor-widget-container\">\n\t\t\t\t\t\t\t<ul class=\"elementor-icon-list-items\">\n\t\t\t\t\t\t\t<li class=\"elementor-icon-list-item\">\n\t\t\t\t\t\t\t\t\t\t\t<span class=\"elementor-icon-list-icon\">\n\t\t\t\t\t\t\t<i aria-hidden=\"true\" class=\"fas fa-parking\"><\/i>\t\t\t\t\t\t<\/span>\n\t\t\t\t\t\t\t\t\t\t<span class=\"elementor-icon-list-text\">Parking gratuito <\/span>\n\t\t\t\t\t\t\t\t\t<\/li>\n\t\t\t\t\t\t\t\t<li class=\"elementor-icon-list-item\">\n\t\t\t\t\t\t\t\t\t\t\t<span class=\"elementor-icon-list-icon\">\n\t\t\t\t\t\t\t<i aria-hidden=\"true\" class=\"fas fa-wifi\"><\/i>\t\t\t\t\t\t<\/span>\n\t\t\t\t\t\t\t\t\t\t<span class=\"elementor-icon-list-text\">Wi-Fi gratuito <\/span>\n\t\t\t\t\t\t\t\t\t<\/li>\n\t\t\t\t\t\t\t\t<li class=\"elementor-icon-list-item\">\n\t\t\t\t\t\t\t\t\t\t\t<span class=\"elementor-icon-list-icon\">\n\t\t\t\t\t\t\t<i aria-hidden=\"true\" class=\"fas fa-heartbeat\"><\/i>\t\t\t\t\t\t<\/span>\n\t\t\t\t\t\t\t\t\t\t<span class=\"elementor-icon-list-text\">Desfibriladores (DEA)<\/span>\n\t\t\t\t\t\t\t\t\t<\/li>\n\t\t\t\t\t\t\t\t<li class=\"elementor-icon-list-item\">\n\t\t\t\t\t\t\t\t\t\t\t<a href=\"tel:+34632713185\">\n\n\t\t\t\t\t\t\t\t\t\t\t\t<span class=\"elementor-icon-list-icon\">\n\t\t\t\t\t\t\t<i aria-hidden=\"true\" class=\"fas fa-bed\"><\/i>\t\t\t\t\t\t<\/span>\n\t\t\t\t\t\t\t\t\t\t<span class=\"elementor-icon-list-text\">Espacio para pilotos y salas de reuniones<\/span>\n\t\t\t\t\t\t\t\t\t\t\t<\/a>\n\t\t\t\t\t\t\t\t\t<\/li>\n\t\t\t\t\t\t\t\t<li class=\"elementor-icon-list-item\">\n\t\t\t\t\t\t\t\t\t\t\t<span class=\"elementor-icon-list-icon\">\n\t\t\t\t\t\t\t<i aria-hidden=\"true\" class=\"fas fa-coffee\"><\/i>\t\t\t\t\t\t<\/span>\n\t\t\t\t\t\t\t\t\t\t<span class=\"elementor-icon-list-text\">Restauraci\u00f3n: reservas y horarios +34 632713185<\/span>\n\t\t\t\t\t\t\t\t\t<\/li>\n\t\t\t\t\t\t\t\t<li class=\"elementor-icon-list-item\">\n\t\t\t\t\t\t\t\t\t\t\t<a href=\"https:\/\/aeroportandorralaseu.cat\/serveis\/meteo\/?lang=en\">\n\n\t\t\t\t\t\t\t\t\t\t\t\t<span class=\"elementor-icon-list-icon\">\n\t\t\t\t\t\t\t<i aria-hidden=\"true\" class=\"fas fa-cloud-sun-rain\"><\/i>\t\t\t\t\t\t<\/span>\n\t\t\t\t\t\t\t\t\t\t<span class=\"elementor-icon-list-text\">Meteorolog\u00eda<\/span>\n\t\t\t\t\t\t\t\t\t\t\t<\/a>\n\t\t\t\t\t\t\t\t\t<\/li>\n\t\t\t\t\t\t\t\t<li class=\"elementor-icon-list-item\">\n\t\t\t\t\t\t\t\t\t\t\t<a href=\"mailto:comercial@aeroports.cat\">\n\n\t\t\t\t\t\t\t\t\t\t\t\t<span class=\"elementor-icon-list-icon\">\n\t\t\t\t\t\t\t<i aria-hidden=\"true\" class=\"fas fa-film\"><\/i>\t\t\t\t\t\t<\/span>\n\t\t\t\t\t\t\t\t\t\t<span class=\"elementor-icon-list-text\">Eventos, rodajes o Photoshooting contacto: comercial@aeroports.cat<\/span>\n\t\t\t\t\t\t\t\t\t\t\t<\/a>\n\t\t\t\t\t\t\t\t\t<\/li>\n\t\t\t\t\t\t<\/ul>\n\t\t\t\t\t\t<\/div>\n\t\t\t\t<\/div>\n\t\t\t\t\t<\/div>\n\t\t<\/div>\n\t\t\t\t<div class=\"elementor-column elementor-col-50 elementor-top-column elementor-element elementor-element-d01b738\" data-id=\"d01b738\" data-element_type=\"column\" data-e-type=\"column\">\n\t\t\t<div class=\"elementor-widget-wrap elementor-element-populated\">\n\t\t\t\t\t\t<div class=\"elementor-element elementor-element-1469bfe elementor-icon-list--layout-traditional elementor-list-item-link-full_width elementor-widget elementor-widget-icon-list\" data-id=\"1469bfe\" data-element_type=\"widget\" data-e-type=\"widget\" data-widget_type=\"icon-list.default\">\n\t\t\t\t<div class=\"elementor-widget-container\">\n\t\t\t\t\t\t\t<ul class=\"elementor-icon-list-items\">\n\t\t\t\t\t\t\t<li class=\"elementor-icon-list-item\">\n\t\t\t\t\t\t\t\t\t\t\t<a href=\"mailto:ops@aeroportandorralaseu.cat\">\n\n\t\t\t\t\t\t\t\t\t\t\t\t<span class=\"elementor-icon-list-icon\">\n\t\t\t\t\t\t\t<i aria-hidden=\"true\" class=\"fas fa-gas-pump\"><\/i>\t\t\t\t\t\t<\/span>\n\t\t\t\t\t\t\t\t\t\t<span class=\"elementor-icon-list-text\">Combustible AVGAS 100 LL \/ JET A-1: \u200b\u200boperacions@lesu.cat<br> +34 973 355324<\/span>\n\t\t\t\t\t\t\t\t\t\t\t<\/a>\n\t\t\t\t\t\t\t\t\t<\/li>\n\t\t\t\t\t\t\t\t<li class=\"elementor-icon-list-item\">\n\t\t\t\t\t\t\t\t\t\t\t<span class=\"elementor-icon-list-icon\">\n\t\t\t\t\t\t\t<i aria-hidden=\"true\" class=\"fas fa-plane\"><\/i>\t\t\t\t\t\t<\/span>\n\t\t\t\t\t\t\t\t\t\t<span class=\"elementor-icon-list-text\">SERVITEC MANTENIMIENTO AERONAUTICO SA<br> E-mail: <a href=\"mailto:HandlingLESU@lesu.cat\">HandlingLESU@lesu.cat<\/a><br> TEL: 902 090 726 \/ M\u00f3vil: 682 155 891<\/span>\n\t\t\t\t\t\t\t\t\t<\/li>\n\t\t\t\t\t\t\t\t<li class=\"elementor-icon-list-item\">\n\t\t\t\t\t\t\t\t\t\t\t<span class=\"elementor-icon-list-icon\">\n\t\t\t\t\t\t\t<i aria-hidden=\"true\" class=\"fas fa-plane\"><\/i>\t\t\t\t\t\t<\/span>\n\t\t\t\t\t\t\t\t\t\t<span class=\"elementor-icon-list-text\">ANDORRA AVIATION GROUP FBO<br>Web: <a href=\"https:\/\/andorraaviationgroup.com\/\" target=\"_blank\"> https:\/\/andorraaviationgroup.com<\/a><br> E-mail: <a href=\"mailto:manager.lesu@andorraaviationgroup.com\">manager.lesu@andorraaviationgroup.com<\/a> \/ <a href=\"mailto:handlinglaseu@andorraaviationgroup.com\">handlinglaseu@andorraaviationgroup.com<\/a><br> Tel\u00e9fono: +34 873 45 04 95 \/ M\u00f3vil: +34 747 42 25 10<\/span>\n\t\t\t\t\t\t\t\t\t<\/li>\n\t\t\t\t\t\t\t\t<li class=\"elementor-icon-list-item\">\n\t\t\t\t\t\t\t\t\t\t\t<span class=\"elementor-icon-list-icon\">\n\t\t\t\t\t\t\t<i aria-hidden=\"true\" class=\"fas fa-info-circle\"><\/i>\t\t\t\t\t\t<\/span>\n\t\t\t\t\t\t\t\t\t\t<span class=\"elementor-icon-list-text\">AFIS (Servicio de Informaci\u00f3n de Aer\u00f3dromo) en uso p\u00fablico del aeropuerto.<\/span>\n\t\t\t\t\t\t\t\t\t<\/li>\n\t\t\t\t\t\t\t\t<li class=\"elementor-icon-list-item\">\n\t\t\t\t\t\t\t\t\t\t\t<a href=\"mailto:operacions@lesu.cat\">\n\n\t\t\t\t\t\t\t\t\t\t\t\t<span class=\"elementor-icon-list-icon\">\n\t\t\t\t\t\t\t<i aria-hidden=\"true\" class=\"fas fa-fire-extinguisher\"><\/i>\t\t\t\t\t\t<\/span>\n\t\t\t\t\t\t\t\t\t\t<span class=\"elementor-icon-list-text\">Bomberos:  <br>- Aer\u00f3dromo en uso restringido: Medios propios <br>- Aer\u00f3dromo en uso p\u00fablico: : Categoria 1 a 4 PPR 24 HRS.<br> Tel\u00e9fono: +34 973 355324<\/span>\n\t\t\t\t\t\t\t\t\t\t\t<\/a>\n\t\t\t\t\t\t\t\t\t<\/li>\n\t\t\t\t\t\t\t\t<li class=\"elementor-icon-list-item\">\n\t\t\t\t\t\t\t\t\t\t\t<span class=\"elementor-icon-list-icon\">\n\t\t\t\t\t\t\t<i aria-hidden=\"true\" class=\"fas fa-coffee\"><\/i>\t\t\t\t\t\t<\/span>\n\t\t\t\t\t\t\t\t\t\t<span class=\"elementor-icon-list-text\">Restaurante:<br> Horario: Martes - Mi\u00e9rcoles - Jueves y S\u00e1bados: 08:30 - 17:00 h<br> Viernes y Domingo: 08:30 - 20:00h <br>Lunes: descanso semanal. <br>E-mail: <a href=\"mailto:camiportac@gmail.com\"> camiportac@gmail.com<\/a><br> Reservas tel: +34 611194309<\/span>\n\t\t\t\t\t\t\t\t\t<\/li>\n\t\t\t\t\t\t<\/ul>\n\t\t\t\t\t\t<\/div>\n\t\t\t\t<\/div>\n\t\t\t\t\t<\/div>\n\t\t<\/div>\n\t\t\t\t\t<\/div>\n\t\t<\/section>\n\t\t\t\t<\/div>\n\t\t","protected":false},"excerpt":{"rendered":"<p>Parking gratuito Wi-Fi gratuito Desfibriladores (DEA) Espacio para pilotos y salas de reuniones Restauraci\u00f3n: reservas y horarios +34 632713185 Meteorolog\u00eda Eventos, rodajes o Photoshooting contacto: comercial@aeroports.cat Combustible AVGAS 100 LL \/ JET A-1: \u200b\u200boperacions@lesu.cat +34 973 355324 SERVITEC MANTENIMIENTO AERONAUTICO SA E-mail: HandlingLESU@lesu.cat TEL: 902 090 726 \/ M\u00f3vil: 682 155 891 ANDORRA AVIATION GROUP [&hellip;]<\/p>\n","protected":false},"author":2,"featured_media":0,"parent":0,"menu_order":2,"comment_status":"closed","ping_status":"closed","template":"elementor_header_footer","meta":{"footnotes":""},"class_list":["post-700","page","type-page","status-publish","hentry"],"aioseo_notices":[],"_links":{"self":[{"href":"https:\/\/aeroportandorralaseu.cat\/es\/wp-json\/wp\/v2\/pages\/700","targetHints":{"allow":["GET"]}}],"collection":[{"href":"https:\/\/aeroportandorralaseu.cat\/es\/wp-json\/wp\/v2\/pages"}],"about":[{"href":"https:\/\/aeroportandorralaseu.cat\/es\/wp-json\/wp\/v2\/types\/page"}],"author":[{"embeddable":true,"href":"https:\/\/aeroportandorralaseu.cat\/es\/wp-json\/wp\/v2\/users\/2"}],"replies":[{"embeddable":true,"href":"https:\/\/aeroportandorralaseu.cat\/es\/wp-json\/wp\/v2\/comments?post=700"}],"version-history":[{"count":91,"href":"https:\/\/aeroportandorralaseu.cat\/es\/wp-json\/wp\/v2\/pages\/700\/revisions"}],"predecessor-version":[{"id":4041,"href":"https:\/\/aeroportandorralaseu.cat\/es\/wp-json\/wp\/v2\/pages\/700\/revisions\/4041"}],"wp:attachment":[{"href":"https:\/\/aeroportandorralaseu.cat\/es\/wp-json\/wp\/v2\/media?parent=700"}],"curies":[{"name":"wp","href":"https:\/\/api.w.org\/{rel}","templated":true}]}}